{"id":15,"date":"2025-07-11T08:57:52","date_gmt":"2025-07-11T08:57:52","guid":{"rendered":"https:\/\/peluqueriacaninamonpel.rkinformatika.online\/?page_id=15"},"modified":"2025-07-15T06:27:32","modified_gmt":"2025-07-15T06:27:32","slug":"inicio","status":"publish","type":"page","link":"https:\/\/peluqueriacaninamonpel.com\/en\/","title":{"rendered":"Home"},"content":{"rendered":"<div data-elementor-type=\"wp-page\" data-elementor-id=\"15\" class=\"elementor elementor-15\" data-elementor-post-type=\"page\">\n\t\t\t\t<div class=\"elementor-element elementor-element-0e725b9 e-flex e-con-boxed e-con e-parent\" data-id=\"0e725b9\" data-element_type=\"container\" data-e-type=\"container\" data-settings=\"{&quot;background_background&quot;:&quot;classic&quot;}\">\n\t\t\t\t\t<div class=\"e-con-inner\">\n\t\t\t\t<div class=\"elementor-element elementor-element-ea3a87e elementor-invisible elementor-widget elementor-widget-heading\" data-id=\"ea3a87e\" data-element_type=\"widget\" data-e-type=\"widget\" data-settings=\"{&quot;_animation&quot;:&quot;fadeInLeft&quot;}\" data-widget_type=\"heading.default\">\n\t\t\t\t\t<h2 class=\"elementor-heading-title elementor-size-default\">Monpel<\/h2>\t\t\t\t<\/div>\n\t\t\t\t<div class=\"elementor-element elementor-element-cd5fae5 elementor-invisible elementor-widget elementor-widget-text-editor\" data-id=\"cd5fae5\" data-element_type=\"widget\" data-e-type=\"widget\" data-settings=\"{&quot;_animation&quot;:&quot;fadeInUp&quot;}\" data-widget_type=\"text-editor.default\">\n\t\t\t\t\t\t\t\t\t<p>Dog Grooming<\/p>\t\t\t\t\t\t\t\t<\/div>\n\t\t\t\t\t<\/div>\n\t\t\t\t<\/div>\n\t\t<div class=\"elementor-element elementor-element-51e38bf e-flex e-con-boxed e-con e-parent\" data-id=\"51e38bf\" data-element_type=\"container\" data-e-type=\"container\" data-settings=\"{&quot;background_background&quot;:&quot;classic&quot;}\">\n\t\t\t\t\t<div class=\"e-con-inner\">\n\t\t<div class=\"elementor-element elementor-element-ba98c80 e-con-full e-flex e-con e-child\" data-id=\"ba98c80\" data-element_type=\"container\" data-e-type=\"container\">\n\t\t\t\t<div class=\"elementor-element elementor-element-538bb77 elementor-widget elementor-widget-heading\" data-id=\"538bb77\" data-element_type=\"widget\" data-e-type=\"widget\" data-widget_type=\"heading.default\">\n\t\t\t\t\t<h2 class=\"elementor-heading-title elementor-size-default\">About Us\n<\/h2>\t\t\t\t<\/div>\n\t\t\t\t<div class=\"elementor-element elementor-element-a5ca009 elementor-widget elementor-widget-text-editor\" data-id=\"a5ca009\" data-element_type=\"widget\" data-e-type=\"widget\" data-widget_type=\"text-editor.default\">\n\t\t\t\t\t\t\t\t\t<p data-start=\"192\" data-end=\"418\">At Monpel Dog Grooming, we love animals as much as you do. We are a team of professionals dedicated to the aesthetic care and well-being of your pet, offering a personalized, safe, and loving service.<\/p><p data-start=\"420\" data-end=\"734\">With years of experience in the industry, we combine modern dog grooming techniques with a friendly and patient approach, adapting to each dog's needs. Whether it's a relaxing bath, a breed-specific cut, or a personalized style, at Monpel we make sure your furry companion looks and feels great.<\/p><p data-start=\"736\" data-end=\"911\">Our commitment is to provide a positive experience for your pet and peace of mind for you. Because at Monpel, we not only care for their appearance\u2014we care for their happiness too.<\/p>\t\t\t\t\t\t\t\t<\/div>\n\t\t\t\t<div class=\"elementor-element elementor-element-80f83ee elementor-widget elementor-widget-button\" data-id=\"80f83ee\" data-element_type=\"widget\" data-e-type=\"widget\" data-widget_type=\"button.default\">\n\t\t\t\t\t\t\t\t\t\t<a class=\"elementor-button elementor-button-link elementor-size-sm\" href=\"tel:%20656%20847%20077\">\n\t\t\t\t\t\t<span class=\"elementor-button-content-wrapper\">\n\t\t\t\t\t\t\t\t\t<span class=\"elementor-button-text\">BOOK APPOINTMENT<\/span>\n\t\t\t\t\t<\/span>\n\t\t\t\t\t<\/a>\n\t\t\t\t\t\t\t\t<\/div>\n\t\t\t\t<\/div>\n\t\t<div class=\"elementor-element elementor-element-aaae211 e-con-full e-flex e-con e-child\" data-id=\"aaae211\" data-element_type=\"container\" data-e-type=\"container\">\n\t\t\t\t<div class=\"elementor-element elementor-element-d1c40df elementor-widget elementor-widget-image\" data-id=\"d1c40df\" data-element_type=\"widget\" data-e-type=\"widget\" data-widget_type=\"image.default\">\n\t\t\t\t\t\t\t\t\t\t\t\t\t\t\t<img fetchpriority=\"high\" decoding=\"async\" width=\"800\" height=\"616\" src=\"https:\/\/peluqueriacaninamonpel.com\/wp-content\/uploads\/2025\/07\/Diseno-sin-titulo-1-1024x788.png\" class=\"attachment-large size-large wp-image-132\" alt=\"\" srcset=\"https:\/\/peluqueriacaninamonpel.com\/wp-content\/uploads\/2025\/07\/Diseno-sin-titulo-1-1024x788.png 1024w, https:\/\/peluqueriacaninamonpel.com\/wp-content\/uploads\/2025\/07\/Diseno-sin-titulo-1-300x231.png 300w, https:\/\/peluqueriacaninamonpel.com\/wp-content\/uploads\/2025\/07\/Diseno-sin-titulo-1-768x591.png 768w, https:\/\/peluqueriacaninamonpel.com\/wp-content\/uploads\/2025\/07\/Diseno-sin-titulo-1-16x12.png 16w, https:\/\/peluqueriacaninamonpel.com\/wp-content\/uploads\/2025\/07\/Diseno-sin-titulo-1.png 1300w\" sizes=\"(max-width: 800px) 100vw, 800px\" \/>\t\t\t\t\t\t\t\t\t\t\t\t\t\t\t<\/div>\n\t\t\t\t<\/div>\n\t\t\t\t\t<\/div>\n\t\t\t\t<\/div>\n\t\t<div class=\"elementor-element elementor-element-8ca8a01 e-flex e-con-boxed e-con e-parent\" data-id=\"8ca8a01\" data-element_type=\"container\" data-e-type=\"container\" data-settings=\"{&quot;background_background&quot;:&quot;classic&quot;}\">\n\t\t\t\t\t<div class=\"e-con-inner\">\n\t\t\t\t<div class=\"elementor-element elementor-element-3ecb3e7 elementor-cta--skin-cover elementor-animated-content elementor-bg-transform elementor-bg-transform-zoom-in elementor-widget elementor-widget-call-to-action\" data-id=\"3ecb3e7\" data-element_type=\"widget\" data-e-type=\"widget\" data-widget_type=\"call-to-action.default\">\n\t\t\t\t\t\t\t<div class=\"elementor-cta\">\n\t\t\t\t\t<div class=\"elementor-cta__bg-wrapper\">\n\t\t\t\t<div class=\"elementor-cta__bg elementor-bg\" style=\"background-image: url(https:\/\/peluqueriacaninamonpel.com\/wp-content\/uploads\/2025\/07\/2891.jpg);\" role=\"img\" aria-label=\"2891\"><\/div>\n\t\t\t\t<div class=\"elementor-cta__bg-overlay\"><\/div>\n\t\t\t<\/div>\n\t\t\t\t\t\t\t<div class=\"elementor-cta__content\">\n\t\t\t\t\n\t\t\t\t\t\t\t\t\t<h2 class=\"elementor-cta__title elementor-cta__content-item elementor-content-item elementor-animated-item--grow\">\n\t\t\t\t\t\tFrom a relaxing bath to a professional trim\t\t\t\t\t<\/h2>\n\t\t\t\t\n\t\t\t\t\t\t\t\t\t<div class=\"elementor-cta__description elementor-cta__content-item elementor-content-item elementor-animated-item--grow\">\n\t\t\t\t\t\tDiscover our services designed to keep your pet clean, happy, and healthy.\t\t\t\t\t<\/div>\n\t\t\t\t\n\t\t\t\t\t\t\t\t\t<div class=\"elementor-cta__button-wrapper elementor-cta__content-item elementor-content-item elementor-animated-item--grow\">\n\t\t\t\t\t<a class=\"elementor-cta__button elementor-button elementor-size-\" href=\"https:\/\/peluqueriacaninamonpel.com\/en\/servicios\/\">\n\t\t\t\t\t\tSERVICES\t\t\t\t\t<\/a>\n\t\t\t\t\t<\/div>\n\t\t\t\t\t\t\t<\/div>\n\t\t\t\t\t\t<\/div>\n\t\t\t\t\t\t<\/div>\n\t\t\t\t\t<\/div>\n\t\t\t\t<\/div>\n\t\t\t\t<\/div>","protected":false},"excerpt":{"rendered":"<p>Monpel Peluquer\u00eda Canina Sobre Nosotros En Peluquer\u00eda Canina Monpel, amamos a los animales tanto como t\u00fa. Somos un equipo de profesionales dedicados al cuidado est\u00e9tico y al bienestar de tu mascota, ofreciendo un servicio personalizado, seguro y lleno de cari\u00f1o. Con a\u00f1os de experiencia en el sector, combinamos t\u00e9cnicas modernas de peluquer\u00eda canina con un [&hellip;]<\/p>\n","protected":false},"author":1,"featured_media":0,"parent":0,"menu_order":0,"comment_status":"closed","ping_status":"closed","template":"elementor_canvas","meta":{"footnotes":""},"class_list":["post-15","page","type-page","status-publish","hentry"],"yoast_head":"<!-- This site is optimized with the Yoast SEO plugin v27.3 - https:\/\/yoast.com\/product\/yoast-seo-wordpress\/ -->\n<title>Inicio - Peluqueria Canina Monpel<\/title>\n<meta name=\"robots\" content=\"index, follow, max-snippet:-1, max-image-preview:large, max-video-preview:-1\" \/>\n<link rel=\"canonical\" href=\"https:\/\/peluqueriacaninamonpel.com\/en\/\" \/>\n<meta property=\"og:locale\" content=\"en_GB\" \/>\n<meta property=\"og:type\" content=\"article\" \/>\n<meta property=\"og:title\" content=\"Inicio - Peluqueria Canina Monpel\" \/>\n<meta property=\"og:description\" content=\"Monpel Peluquer\u00eda Canina Sobre Nosotros En Peluquer\u00eda Canina Monpel, amamos a los animales tanto como t\u00fa. Somos un equipo de profesionales dedicados al cuidado est\u00e9tico y al bienestar de tu mascota, ofreciendo un servicio personalizado, seguro y lleno de cari\u00f1o. Con a\u00f1os de experiencia en el sector, combinamos t\u00e9cnicas modernas de peluquer\u00eda canina con un [&hellip;]\" \/>\n<meta property=\"og:url\" content=\"https:\/\/peluqueriacaninamonpel.com\/en\/\" \/>\n<meta property=\"og:site_name\" content=\"Peluqueria Canina Monpel\" \/>\n<meta property=\"article:modified_time\" content=\"2025-07-15T06:27:32+00:00\" \/>\n<meta property=\"og:image\" content=\"https:\/\/peluqueriacaninamonpel.com\/wp-content\/uploads\/2025\/07\/Diseno-sin-titulo-1-1024x788.png\" \/>\n<meta name=\"twitter:card\" content=\"summary_large_image\" \/>\n<meta name=\"twitter:label1\" content=\"Estimated reading time\" \/>\n\t<meta name=\"twitter:data1\" content=\"1 minute\" \/>\n<script type=\"application\/ld+json\" class=\"yoast-schema-graph\">{\"@context\":\"https:\\\/\\\/schema.org\",\"@graph\":[{\"@type\":\"WebPage\",\"@id\":\"https:\\\/\\\/peluqueriacaninamonpel.com\\\/\",\"url\":\"https:\\\/\\\/peluqueriacaninamonpel.com\\\/\",\"name\":\"Inicio - Peluqueria Canina Monpel\",\"isPartOf\":{\"@id\":\"https:\\\/\\\/peluqueriacaninamonpel.com\\\/#website\"},\"primaryImageOfPage\":{\"@id\":\"https:\\\/\\\/peluqueriacaninamonpel.com\\\/#primaryimage\"},\"image\":{\"@id\":\"https:\\\/\\\/peluqueriacaninamonpel.com\\\/#primaryimage\"},\"thumbnailUrl\":\"https:\\\/\\\/peluqueriacaninamonpel.com\\\/wp-content\\\/uploads\\\/2025\\\/07\\\/Diseno-sin-titulo-1-1024x788.png\",\"datePublished\":\"2025-07-11T08:57:52+00:00\",\"dateModified\":\"2025-07-15T06:27:32+00:00\",\"breadcrumb\":{\"@id\":\"https:\\\/\\\/peluqueriacaninamonpel.com\\\/#breadcrumb\"},\"inLanguage\":\"en-GB\",\"potentialAction\":[{\"@type\":\"ReadAction\",\"target\":[\"https:\\\/\\\/peluqueriacaninamonpel.com\\\/\"]}]},{\"@type\":\"ImageObject\",\"inLanguage\":\"en-GB\",\"@id\":\"https:\\\/\\\/peluqueriacaninamonpel.com\\\/#primaryimage\",\"url\":\"https:\\\/\\\/peluqueriacaninamonpel.com\\\/wp-content\\\/uploads\\\/2025\\\/07\\\/Diseno-sin-titulo-1-1024x788.png\",\"contentUrl\":\"https:\\\/\\\/peluqueriacaninamonpel.com\\\/wp-content\\\/uploads\\\/2025\\\/07\\\/Diseno-sin-titulo-1-1024x788.png\"},{\"@type\":\"BreadcrumbList\",\"@id\":\"https:\\\/\\\/peluqueriacaninamonpel.com\\\/#breadcrumb\",\"itemListElement\":[{\"@type\":\"ListItem\",\"position\":1,\"name\":\"Portada\",\"item\":\"https:\\\/\\\/peluqueriacaninamonpel.com\\\/\"},{\"@type\":\"ListItem\",\"position\":2,\"name\":\"Inicio\"}]},{\"@type\":\"WebSite\",\"@id\":\"https:\\\/\\\/peluqueriacaninamonpel.com\\\/#website\",\"url\":\"https:\\\/\\\/peluqueriacaninamonpel.com\\\/\",\"name\":\"Peluqueria Canina Monpel\",\"description\":\"Peluquer\u00eda y Est\u00e9tica Canina\",\"publisher\":{\"@id\":\"https:\\\/\\\/peluqueriacaninamonpel.com\\\/#organization\"},\"potentialAction\":[{\"@type\":\"SearchAction\",\"target\":{\"@type\":\"EntryPoint\",\"urlTemplate\":\"https:\\\/\\\/peluqueriacaninamonpel.com\\\/?s={search_term_string}\"},\"query-input\":{\"@type\":\"PropertyValueSpecification\",\"valueRequired\":true,\"valueName\":\"search_term_string\"}}],\"inLanguage\":\"en-GB\"},{\"@type\":\"Organization\",\"@id\":\"https:\\\/\\\/peluqueriacaninamonpel.com\\\/#organization\",\"name\":\"Peluqueria Canina Monpel\",\"url\":\"https:\\\/\\\/peluqueriacaninamonpel.com\\\/\",\"logo\":{\"@type\":\"ImageObject\",\"inLanguage\":\"en-GB\",\"@id\":\"https:\\\/\\\/peluqueriacaninamonpel.com\\\/#\\\/schema\\\/logo\\\/image\\\/\",\"url\":\"https:\\\/\\\/peluqueriacaninamonpel.com\\\/wp-content\\\/uploads\\\/2025\\\/07\\\/cropped-monpel.png\",\"contentUrl\":\"https:\\\/\\\/peluqueriacaninamonpel.com\\\/wp-content\\\/uploads\\\/2025\\\/07\\\/cropped-monpel.png\",\"width\":500,\"height\":192,\"caption\":\"Peluqueria Canina Monpel\"},\"image\":{\"@id\":\"https:\\\/\\\/peluqueriacaninamonpel.com\\\/#\\\/schema\\\/logo\\\/image\\\/\"}}]}<\/script>\n<!-- \/ Yoast SEO plugin. -->","yoast_head_json":{"title":"Inicio - Peluqueria Canina Monpel","robots":{"index":"index","follow":"follow","max-snippet":"max-snippet:-1","max-image-preview":"max-image-preview:large","max-video-preview":"max-video-preview:-1"},"canonical":"https:\/\/peluqueriacaninamonpel.com\/en\/","og_locale":"en_GB","og_type":"article","og_title":"Inicio - Peluqueria Canina Monpel","og_description":"Monpel Peluquer\u00eda Canina Sobre Nosotros En Peluquer\u00eda Canina Monpel, amamos a los animales tanto como t\u00fa. Somos un equipo de profesionales dedicados al cuidado est\u00e9tico y al bienestar de tu mascota, ofreciendo un servicio personalizado, seguro y lleno de cari\u00f1o. Con a\u00f1os de experiencia en el sector, combinamos t\u00e9cnicas modernas de peluquer\u00eda canina con un [&hellip;]","og_url":"https:\/\/peluqueriacaninamonpel.com\/en\/","og_site_name":"Peluqueria Canina Monpel","article_modified_time":"2025-07-15T06:27:32+00:00","og_image":[{"url":"https:\/\/peluqueriacaninamonpel.com\/wp-content\/uploads\/2025\/07\/Diseno-sin-titulo-1-1024x788.png","type":"","width":"","height":""}],"twitter_card":"summary_large_image","twitter_misc":{"Estimated reading time":"1 minute"},"schema":{"@context":"https:\/\/schema.org","@graph":[{"@type":"WebPage","@id":"https:\/\/peluqueriacaninamonpel.com\/","url":"https:\/\/peluqueriacaninamonpel.com\/","name":"Inicio - Peluqueria Canina Monpel","isPartOf":{"@id":"https:\/\/peluqueriacaninamonpel.com\/#website"},"primaryImageOfPage":{"@id":"https:\/\/peluqueriacaninamonpel.com\/#primaryimage"},"image":{"@id":"https:\/\/peluqueriacaninamonpel.com\/#primaryimage"},"thumbnailUrl":"https:\/\/peluqueriacaninamonpel.com\/wp-content\/uploads\/2025\/07\/Diseno-sin-titulo-1-1024x788.png","datePublished":"2025-07-11T08:57:52+00:00","dateModified":"2025-07-15T06:27:32+00:00","breadcrumb":{"@id":"https:\/\/peluqueriacaninamonpel.com\/#breadcrumb"},"inLanguage":"en-GB","potentialAction":[{"@type":"ReadAction","target":["https:\/\/peluqueriacaninamonpel.com\/"]}]},{"@type":"ImageObject","inLanguage":"en-GB","@id":"https:\/\/peluqueriacaninamonpel.com\/#primaryimage","url":"https:\/\/peluqueriacaninamonpel.com\/wp-content\/uploads\/2025\/07\/Diseno-sin-titulo-1-1024x788.png","contentUrl":"https:\/\/peluqueriacaninamonpel.com\/wp-content\/uploads\/2025\/07\/Diseno-sin-titulo-1-1024x788.png"},{"@type":"BreadcrumbList","@id":"https:\/\/peluqueriacaninamonpel.com\/#breadcrumb","itemListElement":[{"@type":"ListItem","position":1,"name":"Portada","item":"https:\/\/peluqueriacaninamonpel.com\/"},{"@type":"ListItem","position":2,"name":"Inicio"}]},{"@type":"WebSite","@id":"https:\/\/peluqueriacaninamonpel.com\/#website","url":"https:\/\/peluqueriacaninamonpel.com\/","name":"Peluqueria Canina Monpel","description":"Peluquer\u00eda y Est\u00e9tica Canina","publisher":{"@id":"https:\/\/peluqueriacaninamonpel.com\/#organization"},"potentialAction":[{"@type":"SearchAction","target":{"@type":"EntryPoint","urlTemplate":"https:\/\/peluqueriacaninamonpel.com\/?s={search_term_string}"},"query-input":{"@type":"PropertyValueSpecification","valueRequired":true,"valueName":"search_term_string"}}],"inLanguage":"en-GB"},{"@type":"Organization","@id":"https:\/\/peluqueriacaninamonpel.com\/#organization","name":"Peluqueria Canina Monpel","url":"https:\/\/peluqueriacaninamonpel.com\/","logo":{"@type":"ImageObject","inLanguage":"en-GB","@id":"https:\/\/peluqueriacaninamonpel.com\/#\/schema\/logo\/image\/","url":"https:\/\/peluqueriacaninamonpel.com\/wp-content\/uploads\/2025\/07\/cropped-monpel.png","contentUrl":"https:\/\/peluqueriacaninamonpel.com\/wp-content\/uploads\/2025\/07\/cropped-monpel.png","width":500,"height":192,"caption":"Peluqueria Canina Monpel"},"image":{"@id":"https:\/\/peluqueriacaninamonpel.com\/#\/schema\/logo\/image\/"}}]}},"_links":{"self":[{"href":"https:\/\/peluqueriacaninamonpel.com\/en\/wp-json\/wp\/v2\/pages\/15","targetHints":{"allow":["GET"]}}],"collection":[{"href":"https:\/\/peluqueriacaninamonpel.com\/en\/wp-json\/wp\/v2\/pages"}],"about":[{"href":"https:\/\/peluqueriacaninamonpel.com\/en\/wp-json\/wp\/v2\/types\/page"}],"author":[{"embeddable":true,"href":"https:\/\/peluqueriacaninamonpel.com\/en\/wp-json\/wp\/v2\/users\/1"}],"replies":[{"embeddable":true,"href":"https:\/\/peluqueriacaninamonpel.com\/en\/wp-json\/wp\/v2\/comments?post=15"}],"version-history":[{"count":19,"href":"https:\/\/peluqueriacaninamonpel.com\/en\/wp-json\/wp\/v2\/pages\/15\/revisions"}],"predecessor-version":[{"id":306,"href":"https:\/\/peluqueriacaninamonpel.com\/en\/wp-json\/wp\/v2\/pages\/15\/revisions\/306"}],"wp:attachment":[{"href":"https:\/\/peluqueriacaninamonpel.com\/en\/wp-json\/wp\/v2\/media?parent=15"}],"curies":[{"name":"wp","href":"https:\/\/api.w.org\/{rel}","templated":true}]}}