{"id":18,"date":"2025-07-11T08:58:44","date_gmt":"2025-07-11T08:58:44","guid":{"rendered":"https:\/\/peluqueriacaninamonpel.rkinformatika.online\/?page_id=18"},"modified":"2025-07-15T06:26:32","modified_gmt":"2025-07-15T06:26:32","slug":"servicios","status":"publish","type":"page","link":"https:\/\/peluqueriacaninamonpel.com\/en\/servicios\/","title":{"rendered":"Services"},"content":{"rendered":"<div data-elementor-type=\"wp-page\" data-elementor-id=\"18\" class=\"elementor elementor-18\" data-elementor-post-type=\"page\">\n\t\t\t\t<div class=\"elementor-element elementor-element-d03c93a e-flex e-con-boxed e-con e-parent\" data-id=\"d03c93a\" data-element_type=\"container\" data-e-type=\"container\" data-settings=\"{&quot;background_background&quot;:&quot;classic&quot;}\">\n\t\t\t\t\t<div class=\"e-con-inner\">\n\t\t\t\t<div class=\"elementor-element elementor-element-be6e626 elementor-invisible elementor-widget elementor-widget-heading\" data-id=\"be6e626\" data-element_type=\"widget\" data-e-type=\"widget\" data-settings=\"{&quot;_animation&quot;:&quot;fadeInLeft&quot;}\" data-widget_type=\"heading.default\">\n\t\t\t\t\t<h2 class=\"elementor-heading-title elementor-size-default\">SERVICES<\/h2>\t\t\t\t<\/div>\n\t\t\t\t<div class=\"elementor-element elementor-element-4d8b0a4 elementor-invisible elementor-widget elementor-widget-text-editor\" data-id=\"4d8b0a4\" data-element_type=\"widget\" data-e-type=\"widget\" data-settings=\"{&quot;_animation&quot;:&quot;fadeInUp&quot;}\" data-widget_type=\"text-editor.default\">\n\t\t\t\t\t\t\t\t\t<p>Dog Grooming<\/p>\t\t\t\t\t\t\t\t<\/div>\n\t\t\t\t\t<\/div>\n\t\t\t\t<\/div>\n\t\t<div class=\"elementor-element elementor-element-6d4701e e-flex e-con-boxed e-con e-parent\" data-id=\"6d4701e\" data-element_type=\"container\" data-e-type=\"container\">\n\t\t\t\t\t<div class=\"e-con-inner\">\n\t\t<div class=\"elementor-element elementor-element-1217663 e-con-full e-flex e-con e-child\" data-id=\"1217663\" data-element_type=\"container\" data-e-type=\"container\" data-settings=\"{&quot;background_background&quot;:&quot;classic&quot;}\">\n\t\t\t\t<div class=\"elementor-element elementor-element-2637e7e elementor-widget elementor-widget-heading\" data-id=\"2637e7e\" data-element_type=\"widget\" data-e-type=\"widget\" data-widget_type=\"heading.default\">\n\t\t\t\t\t<h2 class=\"elementor-heading-title elementor-size-default\">Corte de pelo<\/h2>\t\t\t\t<\/div>\n\t\t\t\t<div class=\"elementor-element elementor-element-bded351 elementor-widget elementor-widget-text-editor\" data-id=\"bded351\" data-element_type=\"widget\" data-e-type=\"widget\" data-widget_type=\"text-editor.default\">\n\t\t\t\t\t\t\t\t\t<p data-start=\"509\" data-end=\"692\">Realizamos cortes profesionales adaptados al est\u00e1ndar de cada raza o al estilo que prefieras para tu peludo. Siempre buscamos el equilibrio entre est\u00e9tica y comodidad para tu mascota.<\/p>\t\t\t\t\t\t\t\t<\/div>\n\t\t\t\t<\/div>\n\t\t<div class=\"elementor-element elementor-element-646d7ff e-con-full e-flex e-con e-child\" data-id=\"646d7ff\" data-element_type=\"container\" data-e-type=\"container\" data-settings=\"{&quot;background_background&quot;:&quot;classic&quot;}\">\n\t\t\t\t<div class=\"elementor-element elementor-element-8ca30aa elementor-widget elementor-widget-heading\" data-id=\"8ca30aa\" data-element_type=\"widget\" data-e-type=\"widget\" data-widget_type=\"heading.default\">\n\t\t\t\t\t<h2 class=\"elementor-heading-title elementor-size-default\">Ba\u00f1o higi\u00e9nico<\/h2>\t\t\t\t<\/div>\n\t\t\t\t<div class=\"elementor-element elementor-element-c29c285 elementor-widget elementor-widget-text-editor\" data-id=\"c29c285\" data-element_type=\"widget\" data-e-type=\"widget\" data-widget_type=\"text-editor.default\">\n\t\t\t\t\t\t\t\t\t<p>Ba\u00f1os con productos espec\u00edficos seg\u00fan el tipo de piel y pelaje. Disponemos de champ\u00fas hipoalerg\u00e9nicos, antipulgas, medicados o para piel sensible. Incluye limpieza de o\u00eddos y vaciado de gl\u00e1ndulas anales.<\/p>\t\t\t\t\t\t\t\t<\/div>\n\t\t\t\t<\/div>\n\t\t<div class=\"elementor-element elementor-element-f664317 e-con-full e-flex e-con e-child\" data-id=\"f664317\" data-element_type=\"container\" data-e-type=\"container\" data-settings=\"{&quot;background_background&quot;:&quot;classic&quot;}\">\n\t\t\t\t<div class=\"elementor-element elementor-element-d20c81c elementor-widget elementor-widget-heading\" data-id=\"d20c81c\" data-element_type=\"widget\" data-e-type=\"widget\" data-widget_type=\"heading.default\">\n\t\t\t\t\t<h2 class=\"elementor-heading-title elementor-size-default\">Corte y limado de u\u00f1as<\/h2>\t\t\t\t<\/div>\n\t\t\t\t<div class=\"elementor-element elementor-element-d35bebe elementor-widget elementor-widget-text-editor\" data-id=\"d35bebe\" data-element_type=\"widget\" data-e-type=\"widget\" data-widget_type=\"text-editor.default\">\n\t\t\t\t\t\t\t\t\t<p>Un servicio fundamental para evitar molestias, heridas o problemas al caminar. Realizamos el corte con mucho cuidado y sin causar estr\u00e9s a tu mascota.<\/p>\t\t\t\t\t\t\t\t<\/div>\n\t\t\t\t<\/div>\n\t\t<div class=\"elementor-element elementor-element-8185730 e-con-full e-flex e-con e-child\" data-id=\"8185730\" data-element_type=\"container\" data-e-type=\"container\" data-settings=\"{&quot;background_background&quot;:&quot;classic&quot;}\">\n\t\t\t\t<div class=\"elementor-element elementor-element-da8d271 elementor-widget elementor-widget-heading\" data-id=\"da8d271\" data-element_type=\"widget\" data-e-type=\"widget\" data-widget_type=\"heading.default\">\n\t\t\t\t\t<h2 class=\"elementor-heading-title elementor-size-default\">Limpieza de o\u00eddos<\/h2>\t\t\t\t<\/div>\n\t\t\t\t<div class=\"elementor-element elementor-element-0ed6baa elementor-widget elementor-widget-text-editor\" data-id=\"0ed6baa\" data-element_type=\"widget\" data-e-type=\"widget\" data-widget_type=\"text-editor.default\">\n\t\t\t\t\t\t\t\t\t<p>Limpieza suave y profunda para prevenir infecciones y mantener la salud auditiva de tu perro. Usamos productos espec\u00edficos y no invasivos.<\/p>\t\t\t\t\t\t\t\t<\/div>\n\t\t\t\t<\/div>\n\t\t<div class=\"elementor-element elementor-element-c2ed102 e-con-full e-flex e-con e-child\" data-id=\"c2ed102\" data-element_type=\"container\" data-e-type=\"container\" data-settings=\"{&quot;background_background&quot;:&quot;classic&quot;}\">\n\t\t\t\t<div class=\"elementor-element elementor-element-b28ca0f elementor-widget elementor-widget-heading\" data-id=\"b28ca0f\" data-element_type=\"widget\" data-e-type=\"widget\" data-widget_type=\"heading.default\">\n\t\t\t\t\t<h2 class=\"elementor-heading-title elementor-size-default\">Deslanado y cepillado<\/h2>\t\t\t\t<\/div>\n\t\t\t\t<div class=\"elementor-element elementor-element-6263242 elementor-widget elementor-widget-text-editor\" data-id=\"6263242\" data-element_type=\"widget\" data-e-type=\"widget\" data-widget_type=\"text-editor.default\">\n\t\t\t\t\t\t\t\t\t<p data-start=\"1348\" data-end=\"1502\">Ideal para perros con mucho sub pelo o \u00e9pocas de muda. Eliminamos el pelo muerto, desenredamos nudos y dejamos el manto sano, brillante y libre de enredos.<\/p>\t\t\t\t\t\t\t\t<\/div>\n\t\t\t\t<\/div>\n\t\t\t\t\t<\/div>\n\t\t\t\t<\/div>\n\t\t<div class=\"elementor-element elementor-element-b168f3d e-flex e-con-boxed e-con e-parent\" data-id=\"b168f3d\" data-element_type=\"container\" data-e-type=\"container\" data-settings=\"{&quot;background_background&quot;:&quot;classic&quot;}\">\n\t\t\t\t\t<div class=\"e-con-inner\">\n\t\t\t\t<div class=\"elementor-element elementor-element-37fce37 elementor-cta--skin-cover elementor-animated-content elementor-bg-transform elementor-bg-transform-zoom-in elementor-widget elementor-widget-call-to-action\" data-id=\"37fce37\" data-element_type=\"widget\" data-e-type=\"widget\" data-widget_type=\"call-to-action.default\">\n\t\t\t\t\t\t\t<div class=\"elementor-cta\">\n\t\t\t\t\t<div class=\"elementor-cta__bg-wrapper\">\n\t\t\t\t<div class=\"elementor-cta__bg elementor-bg\" style=\"background-image: url(https:\/\/peluqueriacaninamonpel.com\/wp-content\/uploads\/2025\/07\/2891.jpg);\" role=\"img\" aria-label=\"2891\"><\/div>\n\t\t\t\t<div class=\"elementor-cta__bg-overlay\"><\/div>\n\t\t\t<\/div>\n\t\t\t\t\t\t\t<div class=\"elementor-cta__content\">\n\t\t\t\t\n\t\t\t\t\t\t\t\t\t<h2 class=\"elementor-cta__title elementor-cta__content-item elementor-content-item elementor-animated-item--grow\">\n\t\t\t\t\t\tEscr\u00edbenos o ll\u00e1manos y con gusto te atenderemos.\t\t\t\t\t<\/h2>\n\t\t\t\t\n\t\t\t\t\t\t\t\t\t<div class=\"elementor-cta__description elementor-cta__content-item elementor-content-item elementor-animated-item--grow\">\n\t\t\t\t\t\tEstamos disponibles para resolver tus dudas y programar la atenci\u00f3n que tu mascota necesita.\n\t\t\t\t\t<\/div>\n\t\t\t\t\n\t\t\t\t\t\t\t\t\t<div class=\"elementor-cta__button-wrapper elementor-cta__content-item elementor-content-item elementor-animated-item--grow\">\n\t\t\t\t\t<a class=\"elementor-cta__button elementor-button elementor-size-\" href=\"tel:%20656%20847%20077\">\n\t\t\t\t\t\tCONTACTO\t\t\t\t\t<\/a>\n\t\t\t\t\t<\/div>\n\t\t\t\t\t\t\t<\/div>\n\t\t\t\t\t\t<\/div>\n\t\t\t\t\t\t<\/div>\n\t\t\t\t\t<\/div>\n\t\t\t\t<\/div>\n\t\t\t\t<\/div>","protected":false},"excerpt":{"rendered":"<p>SERVICIOS Peluquer\u00eda Canina Corte de pelo Realizamos cortes profesionales adaptados al est\u00e1ndar de cada raza o al estilo que prefieras para tu peludo. Siempre buscamos el equilibrio entre est\u00e9tica y comodidad para tu mascota. Ba\u00f1o higi\u00e9nico Ba\u00f1os con productos espec\u00edficos seg\u00fan el tipo de piel y pelaje. Disponemos de champ\u00fas hipoalerg\u00e9nicos, antipulgas, medicados o para [&hellip;]<\/p>\n","protected":false},"author":1,"featured_media":0,"parent":0,"menu_order":0,"comment_status":"closed","ping_status":"closed","template":"elementor_canvas","meta":{"footnotes":""},"class_list":["post-18","page","type-page","status-publish","hentry"],"yoast_head":"<!-- This site is optimized with the Yoast SEO plugin v27.3 - https:\/\/yoast.com\/product\/yoast-seo-wordpress\/ -->\n<title>Servicios - Peluqueria Canina Monpel<\/title>\n<meta name=\"robots\" content=\"index, follow, max-snippet:-1, max-image-preview:large, max-video-preview:-1\" \/>\n<link rel=\"canonical\" href=\"https:\/\/peluqueriacaninamonpel.com\/en\/servicios\/\" \/>\n<meta property=\"og:locale\" content=\"en_GB\" \/>\n<meta property=\"og:type\" content=\"article\" \/>\n<meta property=\"og:title\" content=\"Servicios - Peluqueria Canina Monpel\" \/>\n<meta property=\"og:description\" content=\"SERVICIOS Peluquer\u00eda Canina Corte de pelo Realizamos cortes profesionales adaptados al est\u00e1ndar de cada raza o al estilo que prefieras para tu peludo. Siempre buscamos el equilibrio entre est\u00e9tica y comodidad para tu mascota. Ba\u00f1o higi\u00e9nico Ba\u00f1os con productos espec\u00edficos seg\u00fan el tipo de piel y pelaje. Disponemos de champ\u00fas hipoalerg\u00e9nicos, antipulgas, medicados o para [&hellip;]\" \/>\n<meta property=\"og:url\" content=\"https:\/\/peluqueriacaninamonpel.com\/en\/servicios\/\" \/>\n<meta property=\"og:site_name\" content=\"Peluqueria Canina Monpel\" \/>\n<meta property=\"article:modified_time\" content=\"2025-07-15T06:26:32+00:00\" \/>\n<meta name=\"twitter:card\" content=\"summary_large_image\" \/>\n<meta name=\"twitter:label1\" content=\"Estimated reading time\" \/>\n\t<meta name=\"twitter:data1\" content=\"1 minute\" \/>\n<script type=\"application\/ld+json\" class=\"yoast-schema-graph\">{\"@context\":\"https:\\\/\\\/schema.org\",\"@graph\":[{\"@type\":\"WebPage\",\"@id\":\"https:\\\/\\\/peluqueriacaninamonpel.com\\\/servicios\\\/\",\"url\":\"https:\\\/\\\/peluqueriacaninamonpel.com\\\/servicios\\\/\",\"name\":\"Servicios - Peluqueria Canina Monpel\",\"isPartOf\":{\"@id\":\"https:\\\/\\\/peluqueriacaninamonpel.com\\\/#website\"},\"datePublished\":\"2025-07-11T08:58:44+00:00\",\"dateModified\":\"2025-07-15T06:26:32+00:00\",\"breadcrumb\":{\"@id\":\"https:\\\/\\\/peluqueriacaninamonpel.com\\\/servicios\\\/#breadcrumb\"},\"inLanguage\":\"en-GB\",\"potentialAction\":[{\"@type\":\"ReadAction\",\"target\":[\"https:\\\/\\\/peluqueriacaninamonpel.com\\\/servicios\\\/\"]}]},{\"@type\":\"BreadcrumbList\",\"@id\":\"https:\\\/\\\/peluqueriacaninamonpel.com\\\/servicios\\\/#breadcrumb\",\"itemListElement\":[{\"@type\":\"ListItem\",\"position\":1,\"name\":\"Portada\",\"item\":\"https:\\\/\\\/peluqueriacaninamonpel.com\\\/\"},{\"@type\":\"ListItem\",\"position\":2,\"name\":\"Servicios\"}]},{\"@type\":\"WebSite\",\"@id\":\"https:\\\/\\\/peluqueriacaninamonpel.com\\\/#website\",\"url\":\"https:\\\/\\\/peluqueriacaninamonpel.com\\\/\",\"name\":\"Peluqueria Canina Monpel\",\"description\":\"Peluquer\u00eda y Est\u00e9tica Canina\",\"publisher\":{\"@id\":\"https:\\\/\\\/peluqueriacaninamonpel.com\\\/#organization\"},\"potentialAction\":[{\"@type\":\"SearchAction\",\"target\":{\"@type\":\"EntryPoint\",\"urlTemplate\":\"https:\\\/\\\/peluqueriacaninamonpel.com\\\/?s={search_term_string}\"},\"query-input\":{\"@type\":\"PropertyValueSpecification\",\"valueRequired\":true,\"valueName\":\"search_term_string\"}}],\"inLanguage\":\"en-GB\"},{\"@type\":\"Organization\",\"@id\":\"https:\\\/\\\/peluqueriacaninamonpel.com\\\/#organization\",\"name\":\"Peluqueria Canina Monpel\",\"url\":\"https:\\\/\\\/peluqueriacaninamonpel.com\\\/\",\"logo\":{\"@type\":\"ImageObject\",\"inLanguage\":\"en-GB\",\"@id\":\"https:\\\/\\\/peluqueriacaninamonpel.com\\\/#\\\/schema\\\/logo\\\/image\\\/\",\"url\":\"https:\\\/\\\/peluqueriacaninamonpel.com\\\/wp-content\\\/uploads\\\/2025\\\/07\\\/cropped-monpel.png\",\"contentUrl\":\"https:\\\/\\\/peluqueriacaninamonpel.com\\\/wp-content\\\/uploads\\\/2025\\\/07\\\/cropped-monpel.png\",\"width\":500,\"height\":192,\"caption\":\"Peluqueria Canina Monpel\"},\"image\":{\"@id\":\"https:\\\/\\\/peluqueriacaninamonpel.com\\\/#\\\/schema\\\/logo\\\/image\\\/\"}}]}<\/script>\n<!-- \/ Yoast SEO plugin. -->","yoast_head_json":{"title":"Servicios - Peluqueria Canina Monpel","robots":{"index":"index","follow":"follow","max-snippet":"max-snippet:-1","max-image-preview":"max-image-preview:large","max-video-preview":"max-video-preview:-1"},"canonical":"https:\/\/peluqueriacaninamonpel.com\/en\/servicios\/","og_locale":"en_GB","og_type":"article","og_title":"Servicios - Peluqueria Canina Monpel","og_description":"SERVICIOS Peluquer\u00eda Canina Corte de pelo Realizamos cortes profesionales adaptados al est\u00e1ndar de cada raza o al estilo que prefieras para tu peludo. Siempre buscamos el equilibrio entre est\u00e9tica y comodidad para tu mascota. Ba\u00f1o higi\u00e9nico Ba\u00f1os con productos espec\u00edficos seg\u00fan el tipo de piel y pelaje. Disponemos de champ\u00fas hipoalerg\u00e9nicos, antipulgas, medicados o para [&hellip;]","og_url":"https:\/\/peluqueriacaninamonpel.com\/en\/servicios\/","og_site_name":"Peluqueria Canina Monpel","article_modified_time":"2025-07-15T06:26:32+00:00","twitter_card":"summary_large_image","twitter_misc":{"Estimated reading time":"1 minute"},"schema":{"@context":"https:\/\/schema.org","@graph":[{"@type":"WebPage","@id":"https:\/\/peluqueriacaninamonpel.com\/servicios\/","url":"https:\/\/peluqueriacaninamonpel.com\/servicios\/","name":"Servicios - Peluqueria Canina Monpel","isPartOf":{"@id":"https:\/\/peluqueriacaninamonpel.com\/#website"},"datePublished":"2025-07-11T08:58:44+00:00","dateModified":"2025-07-15T06:26:32+00:00","breadcrumb":{"@id":"https:\/\/peluqueriacaninamonpel.com\/servicios\/#breadcrumb"},"inLanguage":"en-GB","potentialAction":[{"@type":"ReadAction","target":["https:\/\/peluqueriacaninamonpel.com\/servicios\/"]}]},{"@type":"BreadcrumbList","@id":"https:\/\/peluqueriacaninamonpel.com\/servicios\/#breadcrumb","itemListElement":[{"@type":"ListItem","position":1,"name":"Portada","item":"https:\/\/peluqueriacaninamonpel.com\/"},{"@type":"ListItem","position":2,"name":"Servicios"}]},{"@type":"WebSite","@id":"https:\/\/peluqueriacaninamonpel.com\/#website","url":"https:\/\/peluqueriacaninamonpel.com\/","name":"Peluqueria Canina Monpel","description":"Peluquer\u00eda y Est\u00e9tica Canina","publisher":{"@id":"https:\/\/peluqueriacaninamonpel.com\/#organization"},"potentialAction":[{"@type":"SearchAction","target":{"@type":"EntryPoint","urlTemplate":"https:\/\/peluqueriacaninamonpel.com\/?s={search_term_string}"},"query-input":{"@type":"PropertyValueSpecification","valueRequired":true,"valueName":"search_term_string"}}],"inLanguage":"en-GB"},{"@type":"Organization","@id":"https:\/\/peluqueriacaninamonpel.com\/#organization","name":"Peluqueria Canina Monpel","url":"https:\/\/peluqueriacaninamonpel.com\/","logo":{"@type":"ImageObject","inLanguage":"en-GB","@id":"https:\/\/peluqueriacaninamonpel.com\/#\/schema\/logo\/image\/","url":"https:\/\/peluqueriacaninamonpel.com\/wp-content\/uploads\/2025\/07\/cropped-monpel.png","contentUrl":"https:\/\/peluqueriacaninamonpel.com\/wp-content\/uploads\/2025\/07\/cropped-monpel.png","width":500,"height":192,"caption":"Peluqueria Canina Monpel"},"image":{"@id":"https:\/\/peluqueriacaninamonpel.com\/#\/schema\/logo\/image\/"}}]}},"_links":{"self":[{"href":"https:\/\/peluqueriacaninamonpel.com\/en\/wp-json\/wp\/v2\/pages\/18","targetHints":{"allow":["GET"]}}],"collection":[{"href":"https:\/\/peluqueriacaninamonpel.com\/en\/wp-json\/wp\/v2\/pages"}],"about":[{"href":"https:\/\/peluqueriacaninamonpel.com\/en\/wp-json\/wp\/v2\/types\/page"}],"author":[{"embeddable":true,"href":"https:\/\/peluqueriacaninamonpel.com\/en\/wp-json\/wp\/v2\/users\/1"}],"replies":[{"embeddable":true,"href":"https:\/\/peluqueriacaninamonpel.com\/en\/wp-json\/wp\/v2\/comments?post=18"}],"version-history":[{"count":40,"href":"https:\/\/peluqueriacaninamonpel.com\/en\/wp-json\/wp\/v2\/pages\/18\/revisions"}],"predecessor-version":[{"id":303,"href":"https:\/\/peluqueriacaninamonpel.com\/en\/wp-json\/wp\/v2\/pages\/18\/revisions\/303"}],"wp:attachment":[{"href":"https:\/\/peluqueriacaninamonpel.com\/en\/wp-json\/wp\/v2\/media?parent=18"}],"curies":[{"name":"wp","href":"https:\/\/api.w.org\/{rel}","templated":true}]}}