{"id":20,"date":"2025-07-11T08:59:02","date_gmt":"2025-07-11T08:59:02","guid":{"rendered":"https:\/\/peluqueriacaninamonpel.rkinformatika.online\/?page_id=20"},"modified":"2025-07-15T06:39:15","modified_gmt":"2025-07-15T06:39:15","slug":"contacto","status":"publish","type":"page","link":"https:\/\/peluqueriacaninamonpel.com\/en\/contacto\/","title":{"rendered":"Contact"},"content":{"rendered":"<div data-elementor-type=\"wp-page\" data-elementor-id=\"20\" class=\"elementor elementor-20\" data-elementor-post-type=\"page\">\n\t\t\t\t<div class=\"elementor-element elementor-element-9a0365e e-flex e-con-boxed e-con e-parent\" data-id=\"9a0365e\" data-element_type=\"container\" data-e-type=\"container\" data-settings=\"{&quot;background_background&quot;:&quot;classic&quot;}\">\n\t\t\t\t\t<div class=\"e-con-inner\">\n\t\t<div class=\"elementor-element elementor-element-15da9f4 e-con-full e-flex e-con e-child\" data-id=\"15da9f4\" data-element_type=\"container\" data-e-type=\"container\" data-settings=\"{&quot;background_background&quot;:&quot;classic&quot;}\">\n\t\t\t\t<div class=\"elementor-element elementor-element-886e3c0 elementor-widget elementor-widget-heading\" data-id=\"886e3c0\" data-element_type=\"widget\" data-e-type=\"widget\" data-widget_type=\"heading.default\">\n\t\t\t\t\t<h2 class=\"elementor-heading-title elementor-size-default\">\u00a1Estamos aqu\u00ed para ayudarte!<\/h2>\t\t\t\t<\/div>\n\t\t\t\t<div class=\"elementor-element elementor-element-c93070a elementor-widget elementor-widget-text-editor\" data-id=\"c93070a\" data-element_type=\"widget\" data-e-type=\"widget\" data-widget_type=\"text-editor.default\">\n\t\t\t\t\t\t\t\t\t<p>\u00a1Cont\u00e1ctanos y d\u00e9janos ayudarte a que tu peludo luzca y se sienta mejor que nunca!<\/p>\t\t\t\t\t\t\t\t<\/div>\n\t\t\t\t<div class=\"elementor-element elementor-element-1e0db0b elementor-position-inline-start elementor-view-default elementor-mobile-position-block-start elementor-widget elementor-widget-icon-box\" data-id=\"1e0db0b\" data-element_type=\"widget\" data-e-type=\"widget\" data-widget_type=\"icon-box.default\">\n\t\t\t\t\t\t\t<div class=\"elementor-icon-box-wrapper\">\n\n\t\t\t\t\t\t<div class=\"elementor-icon-box-icon\">\n\t\t\t\t<a href=\"https:\/\/www.google.com\/maps\/place\/Peluquer%C3%ADa+Canina+Monpel\/@39.8005968,-0.1351493,16z\/data=!4m6!3m5!1s0xd601bc64df7c835:0xbd66507ac4e0a826!8m2!3d39.8005945!4d-0.1312158!16s%2Fg%2F11vyd63fb0?authuser=0&#038;entry=ttu&#038;g_ep=EgoyMDI1MDcwOS4wIKXMDSoASAFQAw%3D%3D\" target=\"_blank\" class=\"elementor-icon\" tabindex=\"-1\" aria-label=\"Av. del Port, 7, 12593 El Grau de Moncofa, Castell\u00f3\">\n\t\t\t\t<svg aria-hidden=\"true\" class=\"e-font-icon-svg e-fas-map-marker-alt\" viewbox=\"0 0 384 512\" xmlns=\"http:\/\/www.w3.org\/2000\/svg\"><path d=\"M172.268 501.67C26.97 291.031 0 269.413 0 192 0 85.961 85.961 0 192 0s192 85.961 192 192c0 77.413-26.97 99.031-172.268 309.67-9.535 13.774-29.93 13.773-39.464 0zM192 272c44.183 0 80-35.817 80-80s-35.817-80-80-80-80 35.817-80 80 35.817 80 80 80z\"><\/path><\/svg>\t\t\t\t<\/a>\n\t\t\t<\/div>\n\t\t\t\n\t\t\t\t\t\t<div class=\"elementor-icon-box-content\">\n\n\t\t\t\t\t\t\t\t\t<h3 class=\"elementor-icon-box-title\">\n\t\t\t\t\t\t<a href=\"https:\/\/www.google.com\/maps\/place\/Peluquer%C3%ADa+Canina+Monpel\/@39.8005968,-0.1351493,16z\/data=!4m6!3m5!1s0xd601bc64df7c835:0xbd66507ac4e0a826!8m2!3d39.8005945!4d-0.1312158!16s%2Fg%2F11vyd63fb0?authuser=0&#038;entry=ttu&#038;g_ep=EgoyMDI1MDcwOS4wIKXMDSoASAFQAw%3D%3D\" target=\"_blank\" >\n\t\t\t\t\t\t\tAv. del Port, 7, 12593 El Grau de Moncofa, Castell\u00f3\t\t\t\t\t\t<\/a>\n\t\t\t\t\t<\/h3>\n\t\t\t\t\n\t\t\t\t\n\t\t\t<\/div>\n\t\t\t\n\t\t<\/div>\n\t\t\t\t\t\t<\/div>\n\t\t\t\t<div class=\"elementor-element elementor-element-6f2f40f elementor-position-inline-start elementor-view-default elementor-mobile-position-block-start elementor-widget elementor-widget-icon-box\" data-id=\"6f2f40f\" data-element_type=\"widget\" data-e-type=\"widget\" data-widget_type=\"icon-box.default\">\n\t\t\t\t\t\t\t<div class=\"elementor-icon-box-wrapper\">\n\n\t\t\t\t\t\t<div class=\"elementor-icon-box-icon\">\n\t\t\t\t<a href=\"tel:%20656%20847%20077\" target=\"_blank\" class=\"elementor-icon\" tabindex=\"-1\" aria-label=\"656 847 077\">\n\t\t\t\t<svg aria-hidden=\"true\" class=\"e-font-icon-svg e-fas-phone-alt\" viewbox=\"0 0 512 512\" xmlns=\"http:\/\/www.w3.org\/2000\/svg\"><path d=\"M497.39 361.8l-112-48a24 24 0 0 0-28 6.9l-49.6 60.6A370.66 370.66 0 0 1 130.6 204.11l60.6-49.6a23.94 23.94 0 0 0 6.9-28l-48-112A24.16 24.16 0 0 0 122.6.61l-104 24A24 24 0 0 0 0 48c0 256.5 207.9 464 464 464a24 24 0 0 0 23.4-18.6l24-104a24.29 24.29 0 0 0-14.01-27.6z\"><\/path><\/svg>\t\t\t\t<\/a>\n\t\t\t<\/div>\n\t\t\t\n\t\t\t\t\t\t<div class=\"elementor-icon-box-content\">\n\n\t\t\t\t\t\t\t\t\t<h3 class=\"elementor-icon-box-title\">\n\t\t\t\t\t\t<a href=\"tel:%20656%20847%20077\" target=\"_blank\" >\n\t\t\t\t\t\t\t656 847 077\t\t\t\t\t\t<\/a>\n\t\t\t\t\t<\/h3>\n\t\t\t\t\n\t\t\t\t\n\t\t\t<\/div>\n\t\t\t\n\t\t<\/div>\n\t\t\t\t\t\t<\/div>\n\t\t\t\t<div class=\"elementor-element elementor-element-ca45954 elementor-shape-circle elementor-grid-0 e-grid-align-center elementor-widget elementor-widget-social-icons\" data-id=\"ca45954\" data-element_type=\"widget\" data-e-type=\"widget\" data-widget_type=\"social-icons.default\">\n\t\t\t\t\t\t\t<div class=\"elementor-social-icons-wrapper elementor-grid\" role=\"list\">\n\t\t\t\t\t\t\t<span class=\"elementor-grid-item\" role=\"listitem\">\n\t\t\t\t\t<a class=\"elementor-icon elementor-social-icon elementor-social-icon-facebook elementor-repeater-item-1f85a7c\" href=\"https:\/\/www.facebook.com\/people\/Monpel-Pelu\/61557257310060\/\" target=\"_blank\">\n\t\t\t\t\t\t<span class=\"elementor-screen-only\">Facebook<\/span>\n\t\t\t\t\t\t<svg aria-hidden=\"true\" class=\"e-font-icon-svg e-fab-facebook\" viewbox=\"0 0 512 512\" xmlns=\"http:\/\/www.w3.org\/2000\/svg\"><path d=\"M504 256C504 119 393 8 256 8S8 119 8 256c0 123.78 90.69 226.38 209.25 245V327.69h-63V256h63v-54.64c0-62.15 37-96.48 93.67-96.48 27.14 0 55.52 4.84 55.52 4.84v61h-31.28c-30.8 0-40.41 19.12-40.41 38.73V256h68.78l-11 71.69h-57.78V501C413.31 482.38 504 379.78 504 256z\"><\/path><\/svg>\t\t\t\t\t<\/a>\n\t\t\t\t<\/span>\n\t\t\t\t\t\t\t<span class=\"elementor-grid-item\" role=\"listitem\">\n\t\t\t\t\t<a class=\"elementor-icon elementor-social-icon elementor-social-icon-instagram elementor-repeater-item-c1cc542\" href=\"https:\/\/www.instagram.com\/peluqueria_canina_monpel\/\" target=\"_blank\">\n\t\t\t\t\t\t<span class=\"elementor-screen-only\">Instagram<\/span>\n\t\t\t\t\t\t<svg aria-hidden=\"true\" class=\"e-font-icon-svg e-fab-instagram\" viewbox=\"0 0 448 512\" xmlns=\"http:\/\/www.w3.org\/2000\/svg\"><path d=\"M224.1 141c-63.6 0-114.9 51.3-114.9 114.9s51.3 114.9 114.9 114.9S339 319.5 339 255.9 287.7 141 224.1 141zm0 189.6c-41.1 0-74.7-33.5-74.7-74.7s33.5-74.7 74.7-74.7 74.7 33.5 74.7 74.7-33.6 74.7-74.7 74.7zm146.4-194.3c0 14.9-12 26.8-26.8 26.8-14.9 0-26.8-12-26.8-26.8s12-26.8 26.8-26.8 26.8 12 26.8 26.8zm76.1 27.2c-1.7-35.9-9.9-67.7-36.2-93.9-26.2-26.2-58-34.4-93.9-36.2-37-2.1-147.9-2.1-184.9 0-35.8 1.7-67.6 9.9-93.9 36.1s-34.4 58-36.2 93.9c-2.1 37-2.1 147.9 0 184.9 1.7 35.9 9.9 67.7 36.2 93.9s58 34.4 93.9 36.2c37 2.1 147.9 2.1 184.9 0 35.9-1.7 67.7-9.9 93.9-36.2 26.2-26.2 34.4-58 36.2-93.9 2.1-37 2.1-147.8 0-184.8zM398.8 388c-7.8 19.6-22.9 34.7-42.6 42.6-29.5 11.7-99.5 9-132.1 9s-102.7 2.6-132.1-9c-19.6-7.8-34.7-22.9-42.6-42.6-11.7-29.5-9-99.5-9-132.1s-2.6-102.7 9-132.1c7.8-19.6 22.9-34.7 42.6-42.6 29.5-11.7 99.5-9 132.1-9s102.7-2.6 132.1 9c19.6 7.8 34.7 22.9 42.6 42.6 11.7 29.5 9 99.5 9 132.1s2.7 102.7-9 132.1z\"><\/path><\/svg>\t\t\t\t\t<\/a>\n\t\t\t\t<\/span>\n\t\t\t\t\t<\/div>\n\t\t\t\t\t\t<\/div>\n\t\t\t\t<div class=\"elementor-element elementor-element-1504a6e elementor-widget elementor-widget-text-editor\" data-id=\"1504a6e\" data-element_type=\"widget\" data-e-type=\"widget\" data-widget_type=\"text-editor.default\">\n\t\t\t\t\t\t\t\t\t<p>Lunes a viernes:\u00a0<br \/>10:00 a 14:00 y 15:30 a 19:00<\/p>\t\t\t\t\t\t\t\t<\/div>\n\t\t\t\t<\/div>\n\t\t<div class=\"elementor-element elementor-element-2cd7a0a e-con-full e-flex e-con e-child\" data-id=\"2cd7a0a\" data-element_type=\"container\" data-e-type=\"container\" data-settings=\"{&quot;background_background&quot;:&quot;classic&quot;}\">\n\t\t\t\t<div class=\"elementor-element elementor-element-5761296 elementor-widget elementor-widget-heading\" data-id=\"5761296\" data-element_type=\"widget\" data-e-type=\"widget\" data-widget_type=\"heading.default\">\n\t\t\t\t\t<h2 class=\"elementor-heading-title elementor-size-default\"><a href=\"tel:%20656%20847%20077\">Pide tu cita:  <br> \nTel: 656 847 077<\/a><\/h2>\t\t\t\t<\/div>\n\t\t\t\t<div class=\"elementor-element elementor-element-101c629 elementor-widget elementor-widget-google_maps\" data-id=\"101c629\" data-element_type=\"widget\" data-e-type=\"widget\" data-widget_type=\"google_maps.default\">\n\t\t\t\t\t\t\t<div class=\"elementor-custom-embed\">\n\t\t\t<iframe loading=\"lazy\"\n\t\t\t\t\tsrc=\"https:\/\/maps.google.com\/maps?q=Av.%20del%20Port%2C%207%2C%2012593%20El%20Grau%20de%20Moncofa%2C%20Castell%C3%B3&#038;t=m&#038;z=15&#038;output=embed&#038;iwloc=near\"\n\t\t\t\t\ttitle=\"Av. del Port, 7, 12593 El Grau de Moncofa, Castell\u00f3\"\n\t\t\t\t\taria-label=\"Av. del Port, 7, 12593 El Grau de Moncofa, Castell\u00f3\"\n\t\t\t><\/iframe>\n\t\t<\/div>\n\t\t\t\t\t\t<\/div>\n\t\t\t\t<\/div>\n\t\t\t\t\t<\/div>\n\t\t\t\t<\/div>\n\t\t\t\t<\/div>","protected":false},"excerpt":{"rendered":"<p>\u00a1Estamos aqu\u00ed para ayudarte! \u00a1Cont\u00e1ctanos y d\u00e9janos ayudarte a que tu peludo luzca y se sienta mejor que nunca! Av. del Port, 7, 12593 El Grau de Moncofa, Castell\u00f3 656 847 077 Facebook Instagram Lunes a viernes:\u00a010:00 a 14:00 y 15:30 a 19:00 Pide tu cita: Tel: 656 847 077<\/p>","protected":false},"author":1,"featured_media":0,"parent":0,"menu_order":0,"comment_status":"closed","ping_status":"closed","template":"elementor_canvas","meta":{"footnotes":""},"class_list":["post-20","page","type-page","status-publish","hentry"],"yoast_head":"<!-- This site is optimized with the Yoast SEO plugin v27.3 - https:\/\/yoast.com\/product\/yoast-seo-wordpress\/ -->\n<title>Contacto - Peluqueria Canina Monpel<\/title>\n<meta name=\"robots\" content=\"index, follow, max-snippet:-1, max-image-preview:large, max-video-preview:-1\" \/>\n<link rel=\"canonical\" href=\"https:\/\/peluqueriacaninamonpel.com\/en\/contacto\/\" \/>\n<meta property=\"og:locale\" content=\"en_GB\" \/>\n<meta property=\"og:type\" content=\"article\" \/>\n<meta property=\"og:title\" content=\"Contacto - Peluqueria Canina Monpel\" \/>\n<meta property=\"og:description\" content=\"\u00a1Estamos aqu\u00ed para ayudarte! \u00a1Cont\u00e1ctanos y d\u00e9janos ayudarte a que tu peludo luzca y se sienta mejor que nunca! Av. del Port, 7, 12593 El Grau de Moncofa, Castell\u00f3 656 847 077 Facebook Instagram Lunes a viernes:\u00a010:00 a 14:00 y 15:30 a 19:00 Pide tu cita: Tel: 656 847 077\" \/>\n<meta property=\"og:url\" content=\"https:\/\/peluqueriacaninamonpel.com\/en\/contacto\/\" \/>\n<meta property=\"og:site_name\" content=\"Peluqueria Canina Monpel\" \/>\n<meta property=\"article:modified_time\" content=\"2025-07-15T06:39:15+00:00\" \/>\n<meta name=\"twitter:card\" content=\"summary_large_image\" \/>\n<meta name=\"twitter:label1\" content=\"Estimated reading time\" \/>\n\t<meta name=\"twitter:data1\" content=\"1 minute\" \/>\n<script type=\"application\/ld+json\" class=\"yoast-schema-graph\">{\"@context\":\"https:\\\/\\\/schema.org\",\"@graph\":[{\"@type\":\"WebPage\",\"@id\":\"https:\\\/\\\/peluqueriacaninamonpel.com\\\/contacto\\\/\",\"url\":\"https:\\\/\\\/peluqueriacaninamonpel.com\\\/contacto\\\/\",\"name\":\"Contacto - Peluqueria Canina Monpel\",\"isPartOf\":{\"@id\":\"https:\\\/\\\/peluqueriacaninamonpel.com\\\/#website\"},\"datePublished\":\"2025-07-11T08:59:02+00:00\",\"dateModified\":\"2025-07-15T06:39:15+00:00\",\"breadcrumb\":{\"@id\":\"https:\\\/\\\/peluqueriacaninamonpel.com\\\/contacto\\\/#breadcrumb\"},\"inLanguage\":\"en-GB\",\"potentialAction\":[{\"@type\":\"ReadAction\",\"target\":[\"https:\\\/\\\/peluqueriacaninamonpel.com\\\/contacto\\\/\"]}]},{\"@type\":\"BreadcrumbList\",\"@id\":\"https:\\\/\\\/peluqueriacaninamonpel.com\\\/contacto\\\/#breadcrumb\",\"itemListElement\":[{\"@type\":\"ListItem\",\"position\":1,\"name\":\"Portada\",\"item\":\"https:\\\/\\\/peluqueriacaninamonpel.com\\\/\"},{\"@type\":\"ListItem\",\"position\":2,\"name\":\"Contacto\"}]},{\"@type\":\"WebSite\",\"@id\":\"https:\\\/\\\/peluqueriacaninamonpel.com\\\/#website\",\"url\":\"https:\\\/\\\/peluqueriacaninamonpel.com\\\/\",\"name\":\"Peluqueria Canina Monpel\",\"description\":\"Peluquer\u00eda y Est\u00e9tica Canina\",\"publisher\":{\"@id\":\"https:\\\/\\\/peluqueriacaninamonpel.com\\\/#organization\"},\"potentialAction\":[{\"@type\":\"SearchAction\",\"target\":{\"@type\":\"EntryPoint\",\"urlTemplate\":\"https:\\\/\\\/peluqueriacaninamonpel.com\\\/?s={search_term_string}\"},\"query-input\":{\"@type\":\"PropertyValueSpecification\",\"valueRequired\":true,\"valueName\":\"search_term_string\"}}],\"inLanguage\":\"en-GB\"},{\"@type\":\"Organization\",\"@id\":\"https:\\\/\\\/peluqueriacaninamonpel.com\\\/#organization\",\"name\":\"Peluqueria Canina Monpel\",\"url\":\"https:\\\/\\\/peluqueriacaninamonpel.com\\\/\",\"logo\":{\"@type\":\"ImageObject\",\"inLanguage\":\"en-GB\",\"@id\":\"https:\\\/\\\/peluqueriacaninamonpel.com\\\/#\\\/schema\\\/logo\\\/image\\\/\",\"url\":\"https:\\\/\\\/peluqueriacaninamonpel.com\\\/wp-content\\\/uploads\\\/2025\\\/07\\\/cropped-monpel.png\",\"contentUrl\":\"https:\\\/\\\/peluqueriacaninamonpel.com\\\/wp-content\\\/uploads\\\/2025\\\/07\\\/cropped-monpel.png\",\"width\":500,\"height\":192,\"caption\":\"Peluqueria Canina Monpel\"},\"image\":{\"@id\":\"https:\\\/\\\/peluqueriacaninamonpel.com\\\/#\\\/schema\\\/logo\\\/image\\\/\"}}]}<\/script>\n<!-- \/ Yoast SEO plugin. -->","yoast_head_json":{"title":"Contacto - Peluqueria Canina Monpel","robots":{"index":"index","follow":"follow","max-snippet":"max-snippet:-1","max-image-preview":"max-image-preview:large","max-video-preview":"max-video-preview:-1"},"canonical":"https:\/\/peluqueriacaninamonpel.com\/en\/contacto\/","og_locale":"en_GB","og_type":"article","og_title":"Contacto - Peluqueria Canina Monpel","og_description":"\u00a1Estamos aqu\u00ed para ayudarte! \u00a1Cont\u00e1ctanos y d\u00e9janos ayudarte a que tu peludo luzca y se sienta mejor que nunca! Av. del Port, 7, 12593 El Grau de Moncofa, Castell\u00f3 656 847 077 Facebook Instagram Lunes a viernes:\u00a010:00 a 14:00 y 15:30 a 19:00 Pide tu cita: Tel: 656 847 077","og_url":"https:\/\/peluqueriacaninamonpel.com\/en\/contacto\/","og_site_name":"Peluqueria Canina Monpel","article_modified_time":"2025-07-15T06:39:15+00:00","twitter_card":"summary_large_image","twitter_misc":{"Estimated reading time":"1 minute"},"schema":{"@context":"https:\/\/schema.org","@graph":[{"@type":"WebPage","@id":"https:\/\/peluqueriacaninamonpel.com\/contacto\/","url":"https:\/\/peluqueriacaninamonpel.com\/contacto\/","name":"Contacto - Peluqueria Canina Monpel","isPartOf":{"@id":"https:\/\/peluqueriacaninamonpel.com\/#website"},"datePublished":"2025-07-11T08:59:02+00:00","dateModified":"2025-07-15T06:39:15+00:00","breadcrumb":{"@id":"https:\/\/peluqueriacaninamonpel.com\/contacto\/#breadcrumb"},"inLanguage":"en-GB","potentialAction":[{"@type":"ReadAction","target":["https:\/\/peluqueriacaninamonpel.com\/contacto\/"]}]},{"@type":"BreadcrumbList","@id":"https:\/\/peluqueriacaninamonpel.com\/contacto\/#breadcrumb","itemListElement":[{"@type":"ListItem","position":1,"name":"Portada","item":"https:\/\/peluqueriacaninamonpel.com\/"},{"@type":"ListItem","position":2,"name":"Contacto"}]},{"@type":"WebSite","@id":"https:\/\/peluqueriacaninamonpel.com\/#website","url":"https:\/\/peluqueriacaninamonpel.com\/","name":"Peluqueria Canina Monpel","description":"Peluquer\u00eda y Est\u00e9tica Canina","publisher":{"@id":"https:\/\/peluqueriacaninamonpel.com\/#organization"},"potentialAction":[{"@type":"SearchAction","target":{"@type":"EntryPoint","urlTemplate":"https:\/\/peluqueriacaninamonpel.com\/?s={search_term_string}"},"query-input":{"@type":"PropertyValueSpecification","valueRequired":true,"valueName":"search_term_string"}}],"inLanguage":"en-GB"},{"@type":"Organization","@id":"https:\/\/peluqueriacaninamonpel.com\/#organization","name":"Peluqueria Canina Monpel","url":"https:\/\/peluqueriacaninamonpel.com\/","logo":{"@type":"ImageObject","inLanguage":"en-GB","@id":"https:\/\/peluqueriacaninamonpel.com\/#\/schema\/logo\/image\/","url":"https:\/\/peluqueriacaninamonpel.com\/wp-content\/uploads\/2025\/07\/cropped-monpel.png","contentUrl":"https:\/\/peluqueriacaninamonpel.com\/wp-content\/uploads\/2025\/07\/cropped-monpel.png","width":500,"height":192,"caption":"Peluqueria Canina Monpel"},"image":{"@id":"https:\/\/peluqueriacaninamonpel.com\/#\/schema\/logo\/image\/"}}]}},"_links":{"self":[{"href":"https:\/\/peluqueriacaninamonpel.com\/en\/wp-json\/wp\/v2\/pages\/20","targetHints":{"allow":["GET"]}}],"collection":[{"href":"https:\/\/peluqueriacaninamonpel.com\/en\/wp-json\/wp\/v2\/pages"}],"about":[{"href":"https:\/\/peluqueriacaninamonpel.com\/en\/wp-json\/wp\/v2\/types\/page"}],"author":[{"embeddable":true,"href":"https:\/\/peluqueriacaninamonpel.com\/en\/wp-json\/wp\/v2\/users\/1"}],"replies":[{"embeddable":true,"href":"https:\/\/peluqueriacaninamonpel.com\/en\/wp-json\/wp\/v2\/comments?post=20"}],"version-history":[{"count":139,"href":"https:\/\/peluqueriacaninamonpel.com\/en\/wp-json\/wp\/v2\/pages\/20\/revisions"}],"predecessor-version":[{"id":348,"href":"https:\/\/peluqueriacaninamonpel.com\/en\/wp-json\/wp\/v2\/pages\/20\/revisions\/348"}],"wp:attachment":[{"href":"https:\/\/peluqueriacaninamonpel.com\/en\/wp-json\/wp\/v2\/media?parent=20"}],"curies":[{"name":"wp","href":"https:\/\/api.w.org\/{rel}","templated":true}]}}